{"id":226,"date":"2023-02-13T21:49:05","date_gmt":"2023-02-13T21:49:05","guid":{"rendered":"https:\/\/milicakazic.com\/?page_id=226"},"modified":"2026-04-14T13:02:33","modified_gmt":"2026-04-14T13:02:33","slug":"o-meni","status":"publish","type":"page","link":"https:\/\/milicakazic.com\/?page_id=226","title":{"rendered":"O meni"},"content":{"rendered":"<p>[et_pb_section fb_built=&#8221;1&#8243; admin_label=&#8221;Header&#8221; _builder_version=&#8221;4.19.4&#8243; background_color=&#8221;#1eb58a&#8221; background_enable_image=&#8221;off&#8221; custom_padding=&#8221;60px||0px|||&#8221; background_last_edited=&#8221;off|desktop&#8221; background_color_gradient_stops_tablet=&#8221;rgba(0,0,0,0) 55%|#ffffff 55%&#8221; background_color_gradient_stops_phone=&#8221;rgba(0,0,0,0) 35%|#ffffff 35%&#8221; background_color_gradient_start_position_tablet=&#8221;55%&#8221; background_color_gradient_start_position_phone=&#8221;35%&#8221; background_color_gradient_end_position_tablet=&#8221;55%&#8221; background_color_gradient_end_position_phone=&#8221;35%&#8221; box_shadow_style=&#8221;preset7&#8243; box_shadow_horizontal=&#8221;0px&#8221; box_shadow_vertical=&#8221;-150px&#8221; box_shadow_color=&#8221;#ffffff&#8221; box_shadow_vertical_tablet=&#8221;-80vh&#8221; box_shadow_vertical_last_edited=&#8221;off|phone&#8221; global_colors_info=&#8221;{}&#8221;][et_pb_row _builder_version=&#8221;4.19.4&#8243; _module_preset=&#8221;default&#8221; global_colors_info=&#8221;{}&#8221;][et_pb_column type=&#8221;4_4&#8243; _builder_version=&#8221;4.19.4&#8243; _module_preset=&#8221;default&#8221; global_colors_info=&#8221;{}&#8221;][et_pb_text _builder_version=&#8221;4.19.4&#8243; _module_preset=&#8221;default&#8221; text_font_size=&#8221;19px&#8221; header_font=&#8221;|700|||||||&#8221; header_text_align=&#8221;center&#8221; header_font_size=&#8221;46px&#8221; global_colors_info=&#8221;{}&#8221;]<\/p>\n<h1>Milica Ka\u017ei\u0107 &#8211; Akademska slikarka<\/h1>\n<p>&nbsp;<\/p>\n<p>[\/et_pb_text][\/et_pb_column][\/et_pb_row][\/et_pb_section][et_pb_section fb_built=&#8221;1&#8243; _builder_version=&#8221;4.19.4&#8243; _module_preset=&#8221;default&#8221; global_colors_info=&#8221;{}&#8221;][et_pb_row _builder_version=&#8221;4.19.4&#8243; _module_preset=&#8221;default&#8221; global_colors_info=&#8221;{}&#8221;][et_pb_column type=&#8221;4_4&#8243; _builder_version=&#8221;4.19.4&#8243; _module_preset=&#8221;default&#8221; global_colors_info=&#8221;{}&#8221;][et_pb_image src=&#8221;https:\/\/milicakazic.com\/wp-content\/uploads\/2023\/01\/milica-kazic-art.jpg&#8221; title_text=&#8221;milica-kazic-art&#8221; align=&#8221;center&#8221; _builder_version=&#8221;4.19.4&#8243; _module_preset=&#8221;default&#8221; global_colors_info=&#8221;{}&#8221;][\/et_pb_image][et_pb_text _builder_version=&#8221;4.27.4&#8243; _module_preset=&#8221;default&#8221; text_font_size=&#8221;19px&#8221; text_line_height=&#8221;1.8em&#8221; header_font=&#8221;|700|||||||&#8221; header_text_align=&#8221;center&#8221; header_font_size=&#8221;46px&#8221; global_colors_info=&#8221;{}&#8221;]<\/p>\n<p><strong><\/strong><strong>BIOGRAFIJA<\/strong><\/p>\n<p>Diplomirala 2009. God na Fakultetu Likovnih Umjetnosti u Cetinju ( Univerzitet Crne Gore) u klasi Branislava Sekulica.<br \/>Clan ULUCG od 2010. God. Ucesnica likovnih kolonija i brojnih kolektivnih doma\u0107ih i medjunarodnih kao i humanitarnih izlozbi u zemlji i inostranstvu.<\/p>\n<p>2024. godine Ministarstvo kulture i medija Crne Gore joj dodjeljuje status samostalnog umjetnika.<\/p>\n<p><strong>Kolektivne i samostalne izlozbe :<\/strong><br \/>Studentski XII Bijenale Crtanje, Studentski Grad Beograd. 2003 god<br \/>Art Fair, Plavi dvorac, Cetinje. Crna Gora. Plavi dvorac. Zajednicka grupna<br \/>izlozba likovnih umjetnosti u Cetinju i Akademije \u201cAlbertio \u201cu Torinu, Italija.2003 god.<br \/>Art radionice Meeting point. Cetinje. 2005 god.<br \/>\u201cKreativni zid\u201d Murali &#8211; Knjizara Karver. Podgorica, Crna Gora 2005. god<br \/>Likovna kolonija \u201cDjecje selo\u201d Novi Sad. Izlozba Novi Sad. 2004. god<br \/>Izlozba Murala \u201cMediteranski centar Simo Milosevic\u201d Igalo. Crna Gora. 2006. god<br \/>Samostalna diplomska Izlozba -Fakultet Likovnih Umjetnosti Cetinje, Crna Gora. 2009. god<br \/>\u201cArt In Wild Beauty \u201c Medjunarodna likovna kolonija\u201dUmjetnost u divljoj<br \/>ljepoti\u201d Kanjon Nevidio-Poscenje, Crna Gora. 2009 god.<br \/>Samostalna izlozba, Gradska galerija Kotor. Crna Gora. 2010. God<br \/>2017. Samostalna izlozba slika cafe Studio5 Art day and event.<br \/>Izlozba umjetni\u010dkog pokreta pod nazivom Del(T)Art. 2020 god.<br \/>Samostalna izlozba Concept zahara. Podgorica, Crna Gora. 2018 god<br \/>Clan sam Udruzenja Likovnih Umjetnika Crne Gore od 2010 Godine. Od tada<br \/>pa do danas Tradicionalna grupna izlozba u okviru ULUCG paviljona.<br \/>Tradicionalna izlozba ULUCG. Umjetnicki paviljon , Crna Gora.<br \/>Budva-Art Expo. Sajam Umjetnina 2012 god<br \/>IV Medjunarodna izlozba \u201cUmjetnost u Minijaturi\u201d-\u2019MajdanArt\u201d 2013. god<br \/>Internacionalna Izlozba minijatura\u201d Minimum maximum 4\u201d Bazel<br \/>\u2013Svajcarska. Muzej Rappaz u Bazelu.(Svajcarska) Izlozba se odrzava u sklopu<br \/>festival umjetnosti Culture scapes, takodjer i u BIH 2013. god<br \/>OstenBianal Of Drawing, Skopje, Makedonija. Osten Art. Svjetska Galerija<br \/>Crteza. 2018.g<br \/>Samostalna izlozba slika i crteza, Klub Kulture Soba, Podgorica,Crna Gora.<br \/>2015. god.<br \/>Niz humanitarnih izlozbi i donacija crteza i slika u zemlji i inostranstvu.<br \/>XXVI Festival Barski Ljetopis, Izlozba\u201d Umjetnicko Citanje Njegosa\u201d<br \/>Umjetnicka Galerija Velimir A.Lekovic \u2013Kulturni Centar Bar. 2013. god<br \/>Clanstvo u Udruzenju Likovnih Umjetniuka Crne Gore. 2010. god<br \/>Novi sad. Studentska grupna izlozba<br \/>kolonija Djecje Selo. 2004. god<br \/>Rad Izrada i izlo\u017eba murala &#8220;Mediteranski centar Simo Milo\u0161evi\u0107&#8221; Igalo. Crna<br \/>Gora. 2006. god.<br \/>Svjetska izlo\u017eba umjetnosti Rim, Italija 2023 godine.<br \/>Svjetski Rimski sajam umjetnosti, Novembar 2023. Flayer Art Gallery. 2023.<br \/>Rome Art Event Expo 2023. Rome, Italy.<br \/>Flayer Art Gallery. Event Exhibitions 2023.<br \/>Tradicionalna izlozba ULUCG. Umjetnicki paviljon , Crna Gora. 2023. godine.\u00a0 \u00a0 \u00a0 \u00a0 \u00a0 \u00a0 \u00a0 \u00a0 \u00a0 \u00a0 \u00a0 \u00a0 \u00a0 \u00a0 \u00a0 \u00a0 \u00a0 \u00a0 \u00a0 \u00a0 \u00a0 \u00a0 \u00a0 \u00a0 \u00a0 \u00a0 \u00a0 \u00a0 \u00a0 \u00a0 \u00a0 \u00a0 \u00a0 \u00a0 10.&#8221;Street in Art&#8221; 2024 Umjetnici gradu Baru.<br \/>2025. Drugi ljetnji likovni salon&#8221;Prostor pisan svjetlo\u0161cu&#8221; Podgorica, Kolektivna izlozba Umjetni\u010dki paviljon Ulucg<br \/>2025. 80.Tradicionalna izlozba Ulucg Podgorica<br \/>2025. JU Muzej i Galerija Tivat, kolektivna izlozba tradicionalna UlLUCG<br \/>2025. Zavi\u010dajni muzej Stari grad, Ulcinj galerija \u201cKula Balsica\u201d, Ulcinj. Kolektivna izlozba drugog Ljetnjeg likovnog salona&#8221; ULUCG 2025<br \/>2025. Izlo\u017eba II &#8220;Ljetnjeg likovnog salona&#8221; ULUCG 2025, JU Umjetni\u010dka galerija \u201cVitomir Srbljanovi\u0107\u201d, Pljevlja.<br \/>2025. Medjunarodna likovna kolonija&#8221;Poganovski manastir&#8221;Manastir Jovana Bogoslova, Dimitrovgrad, Etno selo, Avgust<br \/>2025. Izlo\u017eba u Galeriji Fontikus u Gro\u017enjanu u Hrvatskoj 2025. &#8220;Prostor pisan svjetloscu&#8221;<\/p>\n<p>April 2026. Muzej grada Rijeke, Rijeka, Hrvatska Kolektivna izlo\u017eba &#8221; Prostor pisan svjetlo\u0161cu&#8221; Ulucg<\/p>\n<p>Medjunarodna izlo\u017eba Bele No\u0107i II MajdanArt 2026. Srbija<br \/>Izlo\u017eba traje od 11. aprila do 11. juna 2026. godine.<\/p>\n<p>Tradicionalna izlo\u017eba ulucg mart-april 2026. God<\/p>\n<p>&nbsp;<\/p>\n<p>&nbsp;<\/p>\n<p><strong>NAZIVI NAJVA\u017dNIJIH DJELA ili CIKLUSA sa godinama nastanka<\/strong><\/p>\n<p>Slika \u201cKodeks Cvetanja\u201d 2015. god<br \/>Slika \u201dJedromili\u201d 2018. god<br \/>Slika \u201cHuman Metanoia\u201d 2018 god<br \/>Slika &#8221; love is also Salsola planet Golden i silver torso&#8221; 2021<br \/>Slika &#8221; \u03c0\u03b5\u03c1\u03b9\u03c7\u03c9\u03c1\u03b7\u03c3\u03b9\u03c2 &#8221; 2021<br \/>\u201cPostoji\u201d 2018. Godine<br \/>\u201cVoznja\u201d 2017. god<br \/>Ciklus slika i crteza \u201c Crveno ritam zivota\u201d 2013 godine<br \/>Ciklus slika \u201dPamuk 100%\u201d 2018 godine<br \/>Ciklus slika kolaza \u201dProcvat 100%\u201d 2019. godine.<\/p>\n<p><strong>SU\u0160TINA OPUSA sa Va\u0161eg stanovi\u0161ta<\/strong><\/p>\n<p>Sustina rada kao i bica nista puno odvojivo jedno od drugog. Umjetnost je izraz osjecanja koje nosi umjetnik u svojoj dusi. To je mocna snaga koja kod ostalih ljudi budi osjecanja i ljepotu koju svako na svoj nacin dozivljava Odusevljenja<br \/>simbolikom intuicijom, zanosom, vjerom, vjerom u dobro, znacima pored<br \/>puta i stalno neiscrpno vadjenje dobrog iz svega. Mislim da je umjetnost<br \/>zapravo pobjeda dobra jedino tako ima smisao kao i opomena da kao takva je<br \/>jedina moguca. Slike su kao stalna opomena da je zahvalnost za dar zivota i stvaranja prisutan i jako bitan i u takvom obliku forme i boje je na slikama jasno vidan.<br \/>Moje slike su reakcija na doga\u0111aje koje nikako ne mogu izbje\u0107i treperenje moje du\u0161e. U slikama ne \u017eelim dati bilo kakve svjesne asocijacije s mogu\u0107im<br \/>doga\u0111ajima i momentima iz \u017eivota me\u0111utim to se neda izbje\u0107i kad na svijet<br \/>gledam mistikom, pozitivom ljubavi i poja\u010danim zanosom. Smatram da su to najja\u010da<br \/>emotivna stanja. To je Bozja sila koja stvara igru. Raniji radovi I Ciklus slika i<br \/>crteza \u201c Crveno ritam zivota\u201d Slika-crte\u017e \u010dovjeka koji sjedi, stoji iako naizgled<br \/>stati\u010dan on je sam krv cirkulacija i zanos &#8230; Ritam \u017eivota. Vjerujem u ljubav,<br \/>ma\u0161tu i optimizam.<br \/>Takodje i ciklus novijih slika manjeg formata \u201dPamuk 100%\u201d jeste pobjeda<br \/>duse nad okovima bilo cega loseg i glorifikacija iste, pobjeda njeznosti i<br \/>dobrote. Inspirisana cistotom i svjetloscu dusa bijelih kao pamuk. Svako je<br \/>jednom bio i brao pamuk.<br \/>I ciklus slika kolaza Procvat100%&#8221; Ovi moji ljudi imaju cvijece na glavama. Nije ubrano ili dobijeno, izraslo im je. Cvjeta. Inspirisana sam i divljim medonosnim cvijecem moje Crne Gore, Balkana i svijeta. Dakako ta hrana za pcele u inat nek cvjeta! I nek pcele zive! Svi duhovno procvjetali sa svih krajeva svijeta, vjecna inspiracija su mi.<br \/>Takodje slika \u201cKodeks Cvetanja\u201d Slika \u201dJedromili\u201d<br \/>Slika \u201cHuman Metanoia\u201d \u201cPostoji\u201d Itd istog su momenat gore svega<br \/>navedenog. Takodje nije sve receno jer pustam svoje slike ispred mene, one<br \/>govore umjesto mene. A svako gleda svojim ocima.<\/p>\n<p>&nbsp;<\/p>\n<div dir=\"auto\">Dodatne aktivnosti: Uredjenje enterijera i dekoracija, rad u umjetni\u010dkoj Galeriji Velimir A Lekovic Kulturni Centar Bar. Vise iskustava kao \u010dlan \u017eirija u osnovnim \u0161kolama, kulturnim centrima za odabir umjetnickih djecijih radova za razne konkurse izlozbe nagrade itd. Mali likovni susreti srednja likovna skola Petar Lubarda Cetinje nagrada kao mentora, takodje rad u okviru predmeta metodika u srednjoj likovnoj skoli. Rad u sklopu zirija, \u010dlanica za filateliju po\u0161te Crne Gore i postanskih markica. Dugogodi\u0161nji rad sa djecom i mladima u sklopu likovne \u0161kole u sklopu mog ateljea. Ilustracije knjiga. Vise humanitarnih izlozbi \u00a0u svijetu i kod nas posebno odvajam onu dje su sredstva od prodaje radova sa dobrotvorne aukcije djeci bez roditeljskog staranja Djeciji Dom Mladost u Bijeloj u organizaciji Centralne banke Crne Gore i Erste banke.<\/div>\n<div dir=\"auto\">\u00a0Pored umjetnosti volim i aktivnosti spoja duhovnog i fizickog, sport koji praktikujem, kursevi stranih jezika, fotografije, hri\u0161canstvo, filozofija itd&#8230;<\/div>\n<p>[\/et_pb_text][\/et_pb_column][\/et_pb_row][\/et_pb_section][et_pb_section fb_built=&#8221;1&#8243; _builder_version=&#8221;4.19.4&#8243; _module_preset=&#8221;default&#8221; custom_padding=&#8221;30px|||||&#8221; global_colors_info=&#8221;{}&#8221;][\/et_pb_section]<\/p>\n","protected":false},"excerpt":{"rendered":"<p>Milica Ka\u017ei\u0107 &#8211; Akademska slikarka &nbsp;BIOGRAFIJA Diplomirala 2009. God na Fakultetu Likovnih Umjetnosti u Cetinju ( Univerzitet Crne Gore) u klasi Branislava Sekulica.Clan ULUCG od 2010. God. Ucesnica likovnih kolonija i brojnih kolektivnih doma\u0107ih i medjunarodnih kao i humanitarnih izlozbi u zemlji i inostranstvu. 2024. godine Ministarstvo kulture i medija Crne Gore joj dodjeljuje status [&hellip;]<\/p>\n","protected":false},"author":1,"featured_media":0,"parent":0,"menu_order":0,"comment_status":"closed","ping_status":"closed","template":"","meta":{"_et_pb_use_builder":"on","_et_pb_old_content":"","_et_gb_content_width":"","footnotes":""},"class_list":["post-226","page","type-page","status-publish","hentry"],"_links":{"self":[{"href":"https:\/\/milicakazic.com\/index.php?rest_route=\/wp\/v2\/pages\/226","targetHints":{"allow":["GET"]}}],"collection":[{"href":"https:\/\/milicakazic.com\/index.php?rest_route=\/wp\/v2\/pages"}],"about":[{"href":"https:\/\/milicakazic.com\/index.php?rest_route=\/wp\/v2\/types\/page"}],"author":[{"embeddable":true,"href":"https:\/\/milicakazic.com\/index.php?rest_route=\/wp\/v2\/users\/1"}],"replies":[{"embeddable":true,"href":"https:\/\/milicakazic.com\/index.php?rest_route=%2Fwp%2Fv2%2Fcomments&post=226"}],"version-history":[{"count":21,"href":"https:\/\/milicakazic.com\/index.php?rest_route=\/wp\/v2\/pages\/226\/revisions"}],"predecessor-version":[{"id":291,"href":"https:\/\/milicakazic.com\/index.php?rest_route=\/wp\/v2\/pages\/226\/revisions\/291"}],"wp:attachment":[{"href":"https:\/\/milicakazic.com\/index.php?rest_route=%2Fwp%2Fv2%2Fmedia&parent=226"}],"curies":[{"name":"wp","href":"https:\/\/api.w.org\/{rel}","templated":true}]}}