{"id":250,"date":"2025-01-10T15:02:48","date_gmt":"2025-01-10T15:02:48","guid":{"rendered":"https:\/\/milicakazic.com\/?page_id=250"},"modified":"2025-02-02T13:04:41","modified_gmt":"2025-02-02T13:04:41","slug":"casovi-crtanja-i-slikanja-podgorica","status":"publish","type":"page","link":"https:\/\/milicakazic.com\/?page_id=250","title":{"rendered":"\u010casovi crtanja i slikanja &#8211; Podgorica"},"content":{"rendered":"<p>[et_pb_section fb_built=&#8221;1&#8243; admin_label=&#8221;Header&#8221; _builder_version=&#8221;4.19.4&#8243; background_color=&#8221;#1eb58a&#8221; background_enable_image=&#8221;off&#8221; custom_padding=&#8221;60px||0px|||&#8221; background_last_edited=&#8221;off|desktop&#8221; background_color_gradient_stops_tablet=&#8221;rgba(0,0,0,0) 55%|#ffffff 55%&#8221; background_color_gradient_stops_phone=&#8221;rgba(0,0,0,0) 35%|#ffffff 35%&#8221; background_color_gradient_start_position_tablet=&#8221;55%&#8221; background_color_gradient_start_position_phone=&#8221;35%&#8221; background_color_gradient_end_position_tablet=&#8221;55%&#8221; background_color_gradient_end_position_phone=&#8221;35%&#8221; box_shadow_style=&#8221;preset7&#8243; box_shadow_horizontal=&#8221;0px&#8221; box_shadow_vertical=&#8221;-150px&#8221; box_shadow_color=&#8221;#ffffff&#8221; box_shadow_vertical_tablet=&#8221;-80vh&#8221; box_shadow_vertical_last_edited=&#8221;off|phone&#8221; global_colors_info=&#8221;{}&#8221;][et_pb_row _builder_version=&#8221;4.19.4&#8243; _module_preset=&#8221;default&#8221; global_colors_info=&#8221;{}&#8221;][et_pb_column type=&#8221;4_4&#8243; _builder_version=&#8221;4.19.4&#8243; _module_preset=&#8221;default&#8221; global_colors_info=&#8221;{}&#8221;][et_pb_text _builder_version=&#8221;4.27.4&#8243; _module_preset=&#8221;default&#8221; text_font_size=&#8221;19px&#8221; header_font=&#8221;|700|||||||&#8221; header_text_align=&#8221;center&#8221; header_font_size=&#8221;46px&#8221; global_colors_info=&#8221;{}&#8221;]<\/p>\n<h1>\u010casovi crtanja i slikanja &#8211; Podgorica<\/h1>\n<p>&nbsp;<\/p>\n<p>[\/et_pb_text][\/et_pb_column][\/et_pb_row][\/et_pb_section][et_pb_section fb_built=&#8221;1&#8243; _builder_version=&#8221;4.19.4&#8243; _module_preset=&#8221;default&#8221; global_colors_info=&#8221;{}&#8221;][et_pb_row _builder_version=&#8221;4.19.4&#8243; _module_preset=&#8221;default&#8221; global_colors_info=&#8221;{}&#8221;][et_pb_column type=&#8221;4_4&#8243; _builder_version=&#8221;4.19.4&#8243; _module_preset=&#8221;default&#8221; global_colors_info=&#8221;{}&#8221;][et_pb_image src=&#8221;https:\/\/milicakazic.com\/wp-content\/uploads\/2025\/01\/viber_image_2025-01-08_19-59-13-050.jpg&#8221; title_text=&#8221;viber_image_2025-01-08_19-59-13-050&#8243; align=&#8221;center&#8221; _builder_version=&#8221;4.27.4&#8243; _module_preset=&#8221;default&#8221; width=&#8221;80%&#8221; module_alignment=&#8221;center&#8221; global_colors_info=&#8221;{}&#8221;][\/et_pb_image][et_pb_text _builder_version=&#8221;4.27.4&#8243; _module_preset=&#8221;default&#8221; text_font_size=&#8221;19px&#8221; text_line_height=&#8221;1.8em&#8221; header_font=&#8221;|700|||||||&#8221; header_text_align=&#8221;center&#8221; header_font_size=&#8221;46px&#8221; global_colors_info=&#8221;{}&#8221;]Otkrijte svoju kreativnost kroz \u010dasove crtanja, slikanja i antistres Art radionice!<\/p>\n<p>Pozivam vas da se pridru\u017eite mojim \u010dasovima crtanja i slikanja, kao i kreativnim radionicama koje \u0107e vas inspirisati i nau\u010diti osnovama likovne umjetnosti. Svi su dobrodo\u0161li!<\/p>\n<p>Ja sam akademska slikarka sa brojnim izlo\u017ebama i sa dugogodi\u0161njim mentorskim radom i nagradom. Moj atelje u Podgorici je pravo mjesto za svakog ko \u017eeli da unaprijedi svoje likovne vje\u0161tine ili se opusti kroz kreativni proces slikanja.<\/p>\n<p>\u010casovi su osmi\u0161ljeni za sve uzraste, od po\u010detnika, bez obzira na talenat i iskustvo, kao i\u00a0 onih koji \u017eele da usavr\u0161e svoje likovne vje\u0161tine\u00a0 i upi\u0161u likovne akademije i \u0161kole. Nau\u010di\u0107ete osnove crtanja, slikanja i istra\u017eivanja likovnih tehnika. Kroz likovnu ekspresiju, oslobodi\u0107ete se stresa, pobolj\u0161ati koncentraciju i kreativnost, a sve to na zabavan i edukativan na\u010din.[\/et_pb_text][et_pb_image src=&#8221;https:\/\/milicakazic.com\/wp-content\/uploads\/2025\/01\/viber_image_2025-01-09_08-07-04-458.jpg&#8221; alt=&#8221;\u010casovi crtanja i slikanja Podgorica&#8221; title_text=&#8221;\u010casovi crtanja i slikanja Podgorica&#8221; align=&#8221;center&#8221; _builder_version=&#8221;4.27.4&#8243; _module_preset=&#8221;default&#8221; width=&#8221;70%&#8221; global_colors_info=&#8221;{}&#8221;][\/et_pb_image][et_pb_text _builder_version=&#8221;4.27.4&#8243; _module_preset=&#8221;default&#8221; text_font_size=&#8221;19px&#8221; text_line_height=&#8221;1.8em&#8221; header_font=&#8221;|700|||||||&#8221; header_text_align=&#8221;center&#8221; header_font_size=&#8221;46px&#8221; hover_enabled=&#8221;0&#8243; global_colors_info=&#8221;{}&#8221; sticky_enabled=&#8221;0&#8243;]&nbsp;<\/p>\n<p>Ako \u017eelite da stvorite svoja umetni\u010dka djela koja \u0107ete ponijeti ku\u0107i, i da se jednostavno opustite i uputite u svet umjetnosti, atelje je pravo mesto za vas. Zajedno \u0107emo istra\u017eivati svijet boja, linija i oblika, uz personalizovani pristup koji je temeljan, profesionalan i inspirativan. Formiram takve grupe!<\/p>\n<p>Pored toga, \u017eelim vas podsta\u0107i da se oslobodite previ\u0161e vremena provedenog za ekranima, da se pove\u017eete sa svojom kreativno\u0161\u0107u i zaronite u svet umjetnosti koji vam omogu\u0107ava da se izrazite i stvarate. Moji \u010dasovi nisu samo edukacija \u2013 to je prilika za istra\u017eivanje i u\u017eivanje u procesu umjetni\u010dkog stvaranja. Na savremen a i retro na\u010din.<\/p>\n<p>Zapo\u010dnite svoju umetni\u010dku avanturu! U\u010dite, istra\u017eujte, stvarajte \u2013 sve u prijatnoj atmosferi ateljea. Svi mogu o\u010dekivati kvalitetnu i temeljnu nastavu. Nakon zavr\u0161etka \u010dasova, moji u\u010denici ponosno pokazu svoje radove, \u0161to je najbolji dokaz. Prvi na po\u010detku rad i na kraju kursa je o\u010digledan pokazatelj!<br \/>\nDok se slika, izra\u0111uje mozaik ili kola\u017e sni\u017eava se nivo kortizola, \u201ehormona stresa\u201c u organizmu. Zato su Paint &amp; Relax\u00a0 Antistres Art doga\u0111aji i radionice ovog tipa pravi mentalni \u010dista\u010di svakodnevnih stresnih situacija. Pored i meni bitne fizi\u010dke aktivnosti, odlaska u prirodu i sli\u010dnih poduhvata, stoji mogu\u0107nost da se svi zajedno oku\u0161amo u nekom zanatu ili umjetnosti. Kroz crtez, valjanje, slikanje ili pravljenje mozaika ili ikonopisa i ako zvuci retro korisno je svoju kreativnost osloboditi na ovaj na\u010din.<br \/>\nRadujem se zajedni\u010dkom stvaranju!<\/p>\n<p>Po\u010dnite stvarati umjetnost koja \u0107e obogatiti va\u0161 \u017eivot. Umjetnost oplemenjuje du\u0161u![\/et_pb_text][et_pb_image src=&#8221;https:\/\/milicakazic.com\/wp-content\/uploads\/2025\/01\/viber_image_2025-01-08_19-59-12-857.jpg&#8221; alt=&#8221;\u010casovi crtanja i slikanja Podgorica&#8221; title_text=&#8221;Casovi crtanja&#8221; align=&#8221;center&#8221; _builder_version=&#8221;4.27.4&#8243; _module_preset=&#8221;default&#8221; width=&#8221;100%&#8221; global_colors_info=&#8221;{}&#8221;][\/et_pb_image][\/et_pb_column][\/et_pb_row][\/et_pb_section][et_pb_section fb_built=&#8221;1&#8243; _builder_version=&#8221;4.19.4&#8243; _module_preset=&#8221;default&#8221; custom_padding=&#8221;30px|||||&#8221; global_colors_info=&#8221;{}&#8221;][\/et_pb_section]<\/p>\n","protected":false},"excerpt":{"rendered":"<p>\u010casovi crtanja i slikanja &#8211; Podgorica &nbsp;Otkrijte svoju kreativnost kroz \u010dasove crtanja, slikanja i antistres Art radionice! Pozivam vas da se pridru\u017eite mojim \u010dasovima crtanja i slikanja, kao i kreativnim radionicama koje \u0107e vas inspirisati i nau\u010diti osnovama likovne umjetnosti. Svi su dobrodo\u0161li! Ja sam akademska slikarka sa brojnim izlo\u017ebama i sa dugogodi\u0161njim mentorskim radom [&hellip;]<\/p>\n","protected":false},"author":1,"featured_media":0,"parent":0,"menu_order":0,"comment_status":"closed","ping_status":"closed","template":"","meta":{"_et_pb_use_builder":"on","_et_pb_old_content":"","_et_gb_content_width":"","footnotes":""},"class_list":["post-250","page","type-page","status-publish","hentry"],"_links":{"self":[{"href":"https:\/\/milicakazic.com\/index.php?rest_route=\/wp\/v2\/pages\/250","targetHints":{"allow":["GET"]}}],"collection":[{"href":"https:\/\/milicakazic.com\/index.php?rest_route=\/wp\/v2\/pages"}],"about":[{"href":"https:\/\/milicakazic.com\/index.php?rest_route=\/wp\/v2\/types\/page"}],"author":[{"embeddable":true,"href":"https:\/\/milicakazic.com\/index.php?rest_route=\/wp\/v2\/users\/1"}],"replies":[{"embeddable":true,"href":"https:\/\/milicakazic.com\/index.php?rest_route=%2Fwp%2Fv2%2Fcomments&post=250"}],"version-history":[{"count":8,"href":"https:\/\/milicakazic.com\/index.php?rest_route=\/wp\/v2\/pages\/250\/revisions"}],"predecessor-version":[{"id":270,"href":"https:\/\/milicakazic.com\/index.php?rest_route=\/wp\/v2\/pages\/250\/revisions\/270"}],"wp:attachment":[{"href":"https:\/\/milicakazic.com\/index.php?rest_route=%2Fwp%2Fv2%2Fmedia&parent=250"}],"curies":[{"name":"wp","href":"https:\/\/api.w.org\/{rel}","templated":true}]}}